{"id":28164,"date":"2025-04-10T12:02:51","date_gmt":"2025-04-10T12:02:51","guid":{"rendered":"https:\/\/www.vild-shop.com\/?page_id=28164"},"modified":"2025-05-27T15:07:22","modified_gmt":"2025-05-27T15:07:22","slug":"quality","status":"publish","type":"page","link":"https:\/\/www.vild-shop.com\/en\/quality\/","title":{"rendered":"Quality"},"content":{"rendered":"<div data-elementor-type=\"wp-page\" data-elementor-id=\"28164\" class=\"elementor elementor-28164\">\n\t\t\t\t<div class=\"wd-negative-gap elementor-element elementor-element-3a8518d e-flex e-con-boxed e-con e-parent\" data-id=\"3a8518d\" data-element_type=\"container\">\n\t\t\t\t\t<div class=\"e-con-inner\">\n\t\t\t\t<div class=\"elementor-element elementor-element-9eb6198 elementor-widget elementor-widget-heading\" data-id=\"9eb6198\" data-element_type=\"widget\" data-widget_type=\"heading.default\">\n\t\t\t\t<div class=\"elementor-widget-container\">\n\t\t\t\t\t<h2 class=\"elementor-heading-title elementor-size-default\">\u201cInspired by Nature, Crafted by Hand\u201d\n<\/h2>\t\t\t\t<\/div>\n\t\t\t\t<\/div>\n\t\t\t\t\t<\/div>\n\t\t\t\t<\/div>\n\t\t<div class=\"wd-negative-gap elementor-element elementor-element-2d09226 wd-section-stretch e-flex e-con-boxed e-con e-parent\" data-id=\"2d09226\" data-element_type=\"container\" data-settings=\"{&quot;background_background&quot;:&quot;classic&quot;}\">\n\t\t\t\t\t<div class=\"e-con-inner\">\n\t\t<div class=\"elementor-element elementor-element-d81e959 e-con-full e-flex e-con e-child\" data-id=\"d81e959\" data-element_type=\"container\">\n\t\t\t\t<div class=\"elementor-element elementor-element-5884a1c wd-width-100 elementor-widget elementor-widget-wd_title\" data-id=\"5884a1c\" data-element_type=\"widget\" data-widget_type=\"wd_title.default\">\n\t\t\t\t<div class=\"elementor-widget-container\">\n\t\t\t\t\t\t\t<div class=\"title-wrapper wd-set-mb reset-last-child wd-title-color-default wd-title-style-default wd-title-size-default text-left\">\n\n\t\t\t\t\t\t\t\t\t\t\t<div class=\"title-subtitle subtitle-color-default subtitle-style-default wd-fontsize-xs\">\n\t\t\t\t\tSUSTAINABLE AND HIGH-QUALITY<br \/>\n\t\t\t\t<\/div>\n\t\t\t\n\t\t\t<div class=\"liner-continer\">\n\t\t\t\t<h4 class=\"woodmart-title-container title wd-fontsize-l\">Bracelets from vild<br \/>\n<br \/>\n<\/h4> \n\t\t\t\t\t\t\t<\/div>\n\n\t\t\t\t\t\t\t<div class=\"title-after_title reset-last-child wd-fontsize-xs\">\n\t\t\t\t\tOur goal is for you to enjoy our products. Therefore, we place particular emphasis on high quality. It&#039;s important to us that our leather bracelets are handcrafted to ensure a long service life.<br \/>\n<br \/>\n\t\t\t\t<\/div>\n\t\t\t\t\t<\/div>\n\t\t\t\t\t\t<\/div>\n\t\t\t\t<\/div>\n\t\t\t\t<\/div>\n\t\t\t\t\t<\/div>\n\t\t\t\t<\/div>\n\t\t<div class=\"wd-negative-gap elementor-element elementor-element-18116d3 e-flex e-con-boxed e-con e-parent\" data-id=\"18116d3\" data-element_type=\"container\">\n\t\t\t\t\t<div class=\"e-con-inner\">\n\t\t\t\t<div class=\"elementor-element elementor-element-8a51cba elementor-widget elementor-widget-heading\" data-id=\"8a51cba\" data-element_type=\"widget\" data-widget_type=\"heading.default\">\n\t\t\t\t<div class=\"elementor-widget-container\">\n\t\t\t\t\t<h3 class=\"elementor-heading-title elementor-size-default\">Quality and sustainability\n<\/h3>\t\t\t\t<\/div>\n\t\t\t\t<\/div>\n\t\t\t\t<div class=\"elementor-element elementor-element-cbf7c8d elementor-widget elementor-widget-wd_text_block\" data-id=\"cbf7c8d\" data-element_type=\"widget\" data-widget_type=\"wd_text_block.default\">\n\t\t\t\t<div class=\"elementor-widget-container\">\n\t\t\t\t\t\t\t<div class=\"wd-text-block reset-last-child text-left\">\n\t\t\t\n\t\t\tWe use only high-quality materials, such as Italian calfskin. All our straps are safe and skin-friendly. We ensure that our watch straps are well-suited to the rigors of daily use. Therefore, we inspect each product again before shipping.\n\t\t\t\t\t<\/div>\n\t\t\t\t\t\t<\/div>\n\t\t\t\t<\/div>\n\t\t\t\t\t<\/div>\n\t\t\t\t<\/div>\n\t\t<div class=\"wd-negative-gap elementor-element elementor-element-0c14969 wd-section-stretch-content e-flex e-con-boxed e-con e-parent\" data-id=\"0c14969\" data-element_type=\"container\">\n\t\t\t\t\t<div class=\"e-con-inner\">\n\t\t<div class=\"elementor-element elementor-element-8bc2961 e-con-full e-flex e-con e-child\" data-id=\"8bc2961\" data-element_type=\"container\">\n\t\t\t\t<div class=\"elementor-element elementor-element-5516e43 elementor-widget elementor-widget-image\" data-id=\"5516e43\" data-element_type=\"widget\" data-widget_type=\"image.default\">\n\t\t\t\t<div class=\"elementor-widget-container\">\n\t\t\t\t\t\t\t\t\t\t\t\t\t\t\t<img loading=\"lazy\" decoding=\"async\" width=\"1000\" height=\"659\" src=\"https:\/\/www.vild-shop.com\/wp-content\/uploads\/2025\/04\/Set-Uhrenarmbaender-Grau-Beige-e1507657197940v2.webp\" class=\"attachment-full size-full wp-image-31491\" alt=\"\" srcset=\"https:\/\/www.vild-shop.com\/wp-content\/uploads\/2025\/04\/Set-Uhrenarmbaender-Grau-Beige-e1507657197940v2.webp 1000w, https:\/\/www.vild-shop.com\/wp-content\/uploads\/2025\/04\/Set-Uhrenarmbaender-Grau-Beige-e1507657197940v2-400x264.webp 400w, https:\/\/www.vild-shop.com\/wp-content\/uploads\/2025\/04\/Set-Uhrenarmbaender-Grau-Beige-e1507657197940v2-768x506.webp 768w, https:\/\/www.vild-shop.com\/wp-content\/uploads\/2025\/04\/Set-Uhrenarmbaender-Grau-Beige-e1507657197940v2-430x283.webp 430w, https:\/\/www.vild-shop.com\/wp-content\/uploads\/2025\/04\/Set-Uhrenarmbaender-Grau-Beige-e1507657197940v2-700x461.webp 700w, https:\/\/www.vild-shop.com\/wp-content\/uploads\/2025\/04\/Set-Uhrenarmbaender-Grau-Beige-e1507657197940v2-150x99.webp 150w\" sizes=\"auto, (max-width: 1000px) 100vw, 1000px\" \/>\t\t\t\t\t\t\t\t\t\t\t\t\t\t\t<\/div>\n\t\t\t\t<\/div>\n\t\t\t\t<\/div>\n\t\t<div class=\"elementor-element elementor-element-fa6bfef e-con-full e-flex e-con e-child\" data-id=\"fa6bfef\" data-element_type=\"container\">\n\t\t\t\t<div class=\"elementor-element elementor-element-3761c23 wd-width-100 elementor-widget elementor-widget-wd_title\" data-id=\"3761c23\" data-element_type=\"widget\" data-widget_type=\"wd_title.default\">\n\t\t\t\t<div class=\"elementor-widget-container\">\n\t\t\t\t\t\t\t<div class=\"title-wrapper wd-set-mb reset-last-child wd-title-color-default wd-title-style-default wd-title-size-default text-left\">\n\n\t\t\t\n\t\t\t<div class=\"liner-continer\">\n\t\t\t\t<h4 class=\"woodmart-title-container title wd-fontsize-l\">High-quality leather<br \/>\n<\/h4> \n\t\t\t\t\t\t\t<\/div>\n\n\t\t\t\t\t\t\t<div class=\"title-after_title reset-last-child wd-fontsize-xs\">\n\t\t\t\t\t<p>Our\u00a0<a href=\"https:\/\/www.vild-shop.com\/en\/product-category\/all-watch-straps\/calfskin\/\"><b>Leather watch straps<\/b><\/a>\u00a0are made of Italian calfskin or suede. NATO and Perlon straps are made of nylon. All clasps are made of stainless steel.<\/p>\t\t\t\t<\/div>\n\t\t\t\t\t<\/div>\n\t\t\t\t\t\t<\/div>\n\t\t\t\t<\/div>\n\t\t\t\t<\/div>\n\t\t\t\t\t<\/div>\n\t\t\t\t<\/div>\n\t\t<div class=\"wd-negative-gap elementor-element elementor-element-d4a7197 wd-section-stretch-content e-flex e-con-boxed e-con e-parent\" data-id=\"d4a7197\" data-element_type=\"container\">\n\t\t\t\t\t<div class=\"e-con-inner\">\n\t\t<div class=\"elementor-element elementor-element-e91eedf e-con-full e-flex e-con e-child\" data-id=\"e91eedf\" data-element_type=\"container\">\n\t\t\t\t<div class=\"elementor-element elementor-element-5b82ab9 wd-width-100 elementor-widget elementor-widget-wd_title\" data-id=\"5b82ab9\" data-element_type=\"widget\" data-widget_type=\"wd_title.default\">\n\t\t\t\t<div class=\"elementor-widget-container\">\n\t\t\t\t\t\t\t<div class=\"title-wrapper wd-set-mb reset-last-child wd-title-color-default wd-title-style-default wd-title-size-default text-left\">\n\n\t\t\t\n\t\t\t<div class=\"liner-continer\">\n\t\t\t\t<h4 class=\"woodmart-title-container title wd-fontsize-l\">Handmade<br \/>\n<\/h4> \n\t\t\t\t\t\t\t<\/div>\n\n\t\t\t\t\t\t\t<div class=\"title-after_title reset-last-child wd-fontsize-xs\">\n\t\t\t\t\t<p>No two straps are alike, as our leather watch straps are handcrafted. This gives each individual strap its own unique character.<\/p>\u00a0\t\t\t\t<\/div>\n\t\t\t\t\t<\/div>\n\t\t\t\t\t\t<\/div>\n\t\t\t\t<\/div>\n\t\t\t\t<\/div>\n\t\t<div class=\"elementor-element elementor-element-6b64719 e-con-full e-flex e-con e-child\" data-id=\"6b64719\" data-element_type=\"container\">\n\t\t\t\t<div class=\"elementor-element elementor-element-780d5f4 elementor-widget elementor-widget-image\" data-id=\"780d5f4\" data-element_type=\"widget\" data-widget_type=\"image.default\">\n\t\t\t\t<div class=\"elementor-widget-container\">\n\t\t\t\t\t\t\t\t\t\t\t\t\t\t\t<img loading=\"lazy\" decoding=\"async\" width=\"1000\" height=\"659\" src=\"https:\/\/www.vild-shop.com\/wp-content\/uploads\/2025\/04\/Zirkel-Lederarbeit-Uhrenarmbaender.jpg\" class=\"attachment-full size-full wp-image-31489\" alt=\"\" srcset=\"https:\/\/www.vild-shop.com\/wp-content\/uploads\/2025\/04\/Zirkel-Lederarbeit-Uhrenarmbaender.jpg 1000w, https:\/\/www.vild-shop.com\/wp-content\/uploads\/2025\/04\/Zirkel-Lederarbeit-Uhrenarmbaender-400x264.jpg 400w, https:\/\/www.vild-shop.com\/wp-content\/uploads\/2025\/04\/Zirkel-Lederarbeit-Uhrenarmbaender-768x506.jpg 768w, https:\/\/www.vild-shop.com\/wp-content\/uploads\/2025\/04\/Zirkel-Lederarbeit-Uhrenarmbaender-430x283.jpg 430w, https:\/\/www.vild-shop.com\/wp-content\/uploads\/2025\/04\/Zirkel-Lederarbeit-Uhrenarmbaender-700x461.jpg 700w, https:\/\/www.vild-shop.com\/wp-content\/uploads\/2025\/04\/Zirkel-Lederarbeit-Uhrenarmbaender-150x99.jpg 150w\" sizes=\"auto, (max-width: 1000px) 100vw, 1000px\" \/>\t\t\t\t\t\t\t\t\t\t\t\t\t\t\t<\/div>\n\t\t\t\t<\/div>\n\t\t\t\t<\/div>\n\t\t\t\t\t<\/div>\n\t\t\t\t<\/div>\n\t\t<div class=\"wd-negative-gap elementor-element elementor-element-c222260 wd-section-stretch-content e-flex e-con-boxed e-con e-parent\" data-id=\"c222260\" data-element_type=\"container\">\n\t\t\t\t\t<div class=\"e-con-inner\">\n\t\t<div class=\"elementor-element elementor-element-6fa21dd e-con-full e-flex e-con e-child\" data-id=\"6fa21dd\" data-element_type=\"container\">\n\t\t\t\t<div class=\"elementor-element elementor-element-267ee71 elementor-widget elementor-widget-image\" data-id=\"267ee71\" data-element_type=\"widget\" data-widget_type=\"image.default\">\n\t\t\t\t<div class=\"elementor-widget-container\">\n\t\t\t\t\t\t\t\t\t\t\t\t\t\t\t<img loading=\"lazy\" decoding=\"async\" width=\"1000\" height=\"659\" src=\"https:\/\/www.vild-shop.com\/wp-content\/uploads\/2025\/04\/vild-packaging-Uhrenarmband-wide.webp\" class=\"attachment-full size-full wp-image-31492\" alt=\"\" srcset=\"https:\/\/www.vild-shop.com\/wp-content\/uploads\/2025\/04\/vild-packaging-Uhrenarmband-wide.webp 1000w, https:\/\/www.vild-shop.com\/wp-content\/uploads\/2025\/04\/vild-packaging-Uhrenarmband-wide-400x264.webp 400w, https:\/\/www.vild-shop.com\/wp-content\/uploads\/2025\/04\/vild-packaging-Uhrenarmband-wide-768x506.webp 768w, https:\/\/www.vild-shop.com\/wp-content\/uploads\/2025\/04\/vild-packaging-Uhrenarmband-wide-430x283.webp 430w, https:\/\/www.vild-shop.com\/wp-content\/uploads\/2025\/04\/vild-packaging-Uhrenarmband-wide-700x461.webp 700w, https:\/\/www.vild-shop.com\/wp-content\/uploads\/2025\/04\/vild-packaging-Uhrenarmband-wide-150x99.webp 150w\" sizes=\"auto, (max-width: 1000px) 100vw, 1000px\" \/>\t\t\t\t\t\t\t\t\t\t\t\t\t\t\t<\/div>\n\t\t\t\t<\/div>\n\t\t\t\t<\/div>\n\t\t<div class=\"elementor-element elementor-element-cb5ff50 e-con-full e-flex e-con e-child\" data-id=\"cb5ff50\" data-element_type=\"container\">\n\t\t\t\t<div class=\"elementor-element elementor-element-6d4dd70 wd-width-100 elementor-widget elementor-widget-wd_title\" data-id=\"6d4dd70\" data-element_type=\"widget\" data-widget_type=\"wd_title.default\">\n\t\t\t\t<div class=\"elementor-widget-container\">\n\t\t\t\t\t\t\t<div class=\"title-wrapper wd-set-mb reset-last-child wd-title-color-default wd-title-style-default wd-title-size-default text-left\">\n\n\t\t\t\n\t\t\t<div class=\"liner-continer\">\n\t\t\t\t<h4 class=\"woodmart-title-container title wd-fontsize-l\">Sustainable<br \/>\n<\/h4> \n\t\t\t\t\t\t\t<\/div>\n\n\t\t\t\t\t\t\t<div class=\"title-after_title reset-last-child wd-fontsize-xs\">\n\t\t\t\t\tWe want our products to bring you long-lasting joy, which is why we focus on sustainable manufacturing. We also ensure that our packaging materials are as minimal as possible and recyclable.<br \/>\n<br \/>\n\t\t\t\t<\/div>\n\t\t\t\t\t<\/div>\n\t\t\t\t\t\t<\/div>\n\t\t\t\t<\/div>\n\t\t\t\t<\/div>\n\t\t\t\t\t<\/div>\n\t\t\t\t<\/div>\n\t\t<div class=\"wd-negative-gap elementor-element elementor-element-799cf2f e-flex e-con-boxed e-con e-parent\" data-id=\"799cf2f\" data-element_type=\"container\">\n\t\t\t\t\t<div class=\"e-con-inner\">\n\t\t\t\t<div class=\"elementor-element elementor-element-1eb1a7f elementor-widget-divider--view-line elementor-widget elementor-widget-divider\" data-id=\"1eb1a7f\" data-element_type=\"widget\" data-widget_type=\"divider.default\">\n\t\t\t\t<div class=\"elementor-widget-container\">\n\t\t\t\t\t\t\t<div class=\"elementor-divider\">\n\t\t\t<span class=\"elementor-divider-separator\">\n\t\t\t\t\t\t<\/span>\n\t\t<\/div>\n\t\t\t\t\t\t<\/div>\n\t\t\t\t<\/div>\n\t\t\t\t<div class=\"elementor-element elementor-element-13dadcb elementor-widget elementor-widget-heading\" data-id=\"13dadcb\" data-element_type=\"widget\" data-widget_type=\"heading.default\">\n\t\t\t\t<div class=\"elementor-widget-container\">\n\t\t\t\t\t<div class=\"elementor-heading-title elementor-size-default\"><a href=\"https:\/\/www.vild-shop.com\/en\/faq\/\">\u2013 If you still have questions, just take a look at our FAQ page \u2013<\/a><\/div>\t\t\t\t<\/div>\n\t\t\t\t<\/div>\n\t\t\t\t\t<\/div>\n\t\t\t\t<\/div>\n\t\t\t\t<\/div>","protected":false},"excerpt":{"rendered":"<p>\u201cInspired by Nature, Crafted by Hand\u201d SUSTAINABLE AND HIGH-QUALITY Bracelets by vild Our goal is that you enjoy<\/p>","protected":false},"author":1,"featured_media":0,"parent":0,"menu_order":0,"comment_status":"closed","ping_status":"closed","template":"","meta":{"footnotes":""},"class_list":["post-28164","page","type-page","status-publish","hentry"],"yoast_head":"<!-- This site is optimized with the Yoast SEO plugin v26.7 - https:\/\/yoast.com\/wordpress\/plugins\/seo\/ -->\n<title>Erlebe die erstklassige Qualit\u00e4t unserer Uhrenarmb\u00e4nder | vild<\/title>\n<meta name=\"description\" content=\"Unsere Uhrenarmb\u00e4nder werden aus den besten Materialien gefertigt, denn unser Ziel ist, dass du lange Freude an deinem Armband hast. \u2714 handgefertigt\" \/>\n<meta name=\"robots\" content=\"index, follow, max-snippet:-1, max-image-preview:large, max-video-preview:-1\" \/>\n<link rel=\"canonical\" href=\"https:\/\/www.vild-shop.com\/en\/quality\/\" \/>\n<meta property=\"og:locale\" content=\"en_GB\" \/>\n<meta property=\"og:type\" content=\"article\" \/>\n<meta property=\"og:title\" content=\"Erlebe die erstklassige Qualit\u00e4t unserer Uhrenarmb\u00e4nder | vild\" \/>\n<meta property=\"og:description\" content=\"Unsere Uhrenarmb\u00e4nder werden aus den besten Materialien gefertigt, denn unser Ziel ist, dass du lange Freude an deinem Armband hast. \u2714 handgefertigt\" \/>\n<meta property=\"og:url\" content=\"https:\/\/www.vild-shop.com\/en\/quality\/\" \/>\n<meta property=\"og:site_name\" content=\"vild Hamburg\" \/>\n<meta property=\"article:publisher\" content=\"https:\/\/www.facebook.com\/vildhamburg\/\" \/>\n<meta property=\"article:modified_time\" content=\"2025-05-27T15:07:22+00:00\" \/>\n<meta property=\"og:image\" content=\"https:\/\/www.vild-shop.com\/wp-content\/uploads\/2025\/04\/Set-Uhrenarmbaender-Grau-Beige-e1507657197940v2.webp\" \/>\n<meta name=\"twitter:card\" content=\"summary_large_image\" \/>\n<meta name=\"twitter:label1\" content=\"Estimated reading time\" \/>\n\t<meta name=\"twitter:data1\" content=\"2 minutes\" \/>\n<script type=\"application\/ld+json\" class=\"yoast-schema-graph\">{\"@context\":\"https:\/\/schema.org\",\"@graph\":[{\"@type\":\"WebPage\",\"@id\":\"https:\/\/www.vild-shop.com\/qualitaet\/\",\"url\":\"https:\/\/www.vild-shop.com\/qualitaet\/\",\"name\":\"Erlebe die erstklassige Qualit\u00e4t unserer Uhrenarmb\u00e4nder | vild\",\"isPartOf\":{\"@id\":\"https:\/\/www.vild-shop.com\/#website\"},\"primaryImageOfPage\":{\"@id\":\"https:\/\/www.vild-shop.com\/qualitaet\/#primaryimage\"},\"image\":{\"@id\":\"https:\/\/www.vild-shop.com\/qualitaet\/#primaryimage\"},\"thumbnailUrl\":\"https:\/\/www.vild-shop.com\/wp-content\/uploads\/2025\/04\/Set-Uhrenarmbaender-Grau-Beige-e1507657197940v2.webp\",\"datePublished\":\"2025-04-10T12:02:51+00:00\",\"dateModified\":\"2025-05-27T15:07:22+00:00\",\"description\":\"Unsere Uhrenarmb\u00e4nder werden aus den besten Materialien gefertigt, denn unser Ziel ist, dass du lange Freude an deinem Armband hast. \u2714 handgefertigt\",\"breadcrumb\":{\"@id\":\"https:\/\/www.vild-shop.com\/qualitaet\/#breadcrumb\"},\"inLanguage\":\"en-GB\",\"potentialAction\":[{\"@type\":\"ReadAction\",\"target\":[\"https:\/\/www.vild-shop.com\/qualitaet\/\"]}]},{\"@type\":\"ImageObject\",\"inLanguage\":\"en-GB\",\"@id\":\"https:\/\/www.vild-shop.com\/qualitaet\/#primaryimage\",\"url\":\"https:\/\/www.vild-shop.com\/wp-content\/uploads\/2025\/04\/Set-Uhrenarmbaender-Grau-Beige-e1507657197940v2.webp\",\"contentUrl\":\"https:\/\/www.vild-shop.com\/wp-content\/uploads\/2025\/04\/Set-Uhrenarmbaender-Grau-Beige-e1507657197940v2.webp\"},{\"@type\":\"BreadcrumbList\",\"@id\":\"https:\/\/www.vild-shop.com\/qualitaet\/#breadcrumb\",\"itemListElement\":[{\"@type\":\"ListItem\",\"position\":1,\"name\":\"Home\",\"item\":\"https:\/\/www.vild-shop.com\/\"},{\"@type\":\"ListItem\",\"position\":2,\"name\":\"Qualit\u00e4t\"}]},{\"@type\":\"WebSite\",\"@id\":\"https:\/\/www.vild-shop.com\/#website\",\"url\":\"https:\/\/www.vild-shop.com\/\",\"name\":\"vild Hamburg\",\"description\":\"Accessoires f\u00fcr deine Armbanduhr &amp; Smartwatch\",\"publisher\":{\"@id\":\"https:\/\/www.vild-shop.com\/#organization\"},\"potentialAction\":[{\"@type\":\"SearchAction\",\"target\":{\"@type\":\"EntryPoint\",\"urlTemplate\":\"https:\/\/www.vild-shop.com\/?s={search_term_string}\"},\"query-input\":{\"@type\":\"PropertyValueSpecification\",\"valueRequired\":true,\"valueName\":\"search_term_string\"}}],\"inLanguage\":\"en-GB\"},{\"@type\":\"Organization\",\"@id\":\"https:\/\/www.vild-shop.com\/#organization\",\"name\":\"vild Hamburg\",\"url\":\"https:\/\/www.vild-shop.com\/\",\"logo\":{\"@type\":\"ImageObject\",\"inLanguage\":\"en-GB\",\"@id\":\"https:\/\/www.vild-shop.com\/#\/schema\/logo\/image\/\",\"url\":\"https:\/\/www.vild-shop.com\/wp-content\/uploads\/2025\/07\/vild-Hamburg-Logo-800.jpg\",\"contentUrl\":\"https:\/\/www.vild-shop.com\/wp-content\/uploads\/2025\/07\/vild-Hamburg-Logo-800.jpg\",\"width\":800,\"height\":800,\"caption\":\"vild Hamburg\"},\"image\":{\"@id\":\"https:\/\/www.vild-shop.com\/#\/schema\/logo\/image\/\"},\"sameAs\":[\"https:\/\/www.facebook.com\/vildhamburg\/\",\"https:\/\/de.pinterest.com\/vildessentials\/\",\"https:\/\/www.instagram.com\/vild_hamburg\/\"]}]}<\/script>\n<!-- \/ Yoast SEO plugin. -->","yoast_head_json":{"title":"Experience the first-class quality of our watch straps | vild","description":"Our watch straps are made from the finest materials, because our goal is for you to enjoy your watch strap for a long time. \u2714 Handmade","robots":{"index":"index","follow":"follow","max-snippet":"max-snippet:-1","max-image-preview":"max-image-preview:large","max-video-preview":"max-video-preview:-1"},"canonical":"https:\/\/www.vild-shop.com\/en\/quality\/","og_locale":"en_GB","og_type":"article","og_title":"Erlebe die erstklassige Qualit\u00e4t unserer Uhrenarmb\u00e4nder | vild","og_description":"Unsere Uhrenarmb\u00e4nder werden aus den besten Materialien gefertigt, denn unser Ziel ist, dass du lange Freude an deinem Armband hast. \u2714 handgefertigt","og_url":"https:\/\/www.vild-shop.com\/en\/quality\/","og_site_name":"vild Hamburg","article_publisher":"https:\/\/www.facebook.com\/vildhamburg\/","article_modified_time":"2025-05-27T15:07:22+00:00","og_image":[{"url":"https:\/\/www.vild-shop.com\/wp-content\/uploads\/2025\/04\/Set-Uhrenarmbaender-Grau-Beige-e1507657197940v2.webp","type":"","width":"","height":""}],"twitter_card":"summary_large_image","twitter_misc":{"Estimated reading time":"2 minutes"},"schema":{"@context":"https:\/\/schema.org","@graph":[{"@type":"WebPage","@id":"https:\/\/www.vild-shop.com\/qualitaet\/","url":"https:\/\/www.vild-shop.com\/qualitaet\/","name":"Experience the first-class quality of our watch straps | vild","isPartOf":{"@id":"https:\/\/www.vild-shop.com\/#website"},"primaryImageOfPage":{"@id":"https:\/\/www.vild-shop.com\/qualitaet\/#primaryimage"},"image":{"@id":"https:\/\/www.vild-shop.com\/qualitaet\/#primaryimage"},"thumbnailUrl":"https:\/\/www.vild-shop.com\/wp-content\/uploads\/2025\/04\/Set-Uhrenarmbaender-Grau-Beige-e1507657197940v2.webp","datePublished":"2025-04-10T12:02:51+00:00","dateModified":"2025-05-27T15:07:22+00:00","description":"Our watch straps are made from the finest materials, because our goal is for you to enjoy your watch strap for a long time. \u2714 Handmade","breadcrumb":{"@id":"https:\/\/www.vild-shop.com\/qualitaet\/#breadcrumb"},"inLanguage":"en-GB","potentialAction":[{"@type":"ReadAction","target":["https:\/\/www.vild-shop.com\/qualitaet\/"]}]},{"@type":"ImageObject","inLanguage":"en-GB","@id":"https:\/\/www.vild-shop.com\/qualitaet\/#primaryimage","url":"https:\/\/www.vild-shop.com\/wp-content\/uploads\/2025\/04\/Set-Uhrenarmbaender-Grau-Beige-e1507657197940v2.webp","contentUrl":"https:\/\/www.vild-shop.com\/wp-content\/uploads\/2025\/04\/Set-Uhrenarmbaender-Grau-Beige-e1507657197940v2.webp"},{"@type":"BreadcrumbList","@id":"https:\/\/www.vild-shop.com\/qualitaet\/#breadcrumb","itemListElement":[{"@type":"ListItem","position":1,"name":"Home","item":"https:\/\/www.vild-shop.com\/"},{"@type":"ListItem","position":2,"name":"Qualit\u00e4t"}]},{"@type":"WebSite","@id":"https:\/\/www.vild-shop.com\/#website","url":"https:\/\/www.vild-shop.com\/","name":"vild Hamburg","description":"Accessories for your watch &amp; smartwatch","publisher":{"@id":"https:\/\/www.vild-shop.com\/#organization"},"potentialAction":[{"@type":"SearchAction","target":{"@type":"EntryPoint","urlTemplate":"https:\/\/www.vild-shop.com\/?s={search_term_string}"},"query-input":{"@type":"PropertyValueSpecification","valueRequired":true,"valueName":"search_term_string"}}],"inLanguage":"en-GB"},{"@type":"Organization","@id":"https:\/\/www.vild-shop.com\/#organization","name":"vild Hamburg","url":"https:\/\/www.vild-shop.com\/","logo":{"@type":"ImageObject","inLanguage":"en-GB","@id":"https:\/\/www.vild-shop.com\/#\/schema\/logo\/image\/","url":"https:\/\/www.vild-shop.com\/wp-content\/uploads\/2025\/07\/vild-Hamburg-Logo-800.jpg","contentUrl":"https:\/\/www.vild-shop.com\/wp-content\/uploads\/2025\/07\/vild-Hamburg-Logo-800.jpg","width":800,"height":800,"caption":"vild Hamburg"},"image":{"@id":"https:\/\/www.vild-shop.com\/#\/schema\/logo\/image\/"},"sameAs":["https:\/\/www.facebook.com\/vildhamburg\/","https:\/\/de.pinterest.com\/vildessentials\/","https:\/\/www.instagram.com\/vild_hamburg\/"]}]}},"_links":{"self":[{"href":"https:\/\/www.vild-shop.com\/en\/wp-json\/wp\/v2\/pages\/28164","targetHints":{"allow":["GET"]}}],"collection":[{"href":"https:\/\/www.vild-shop.com\/en\/wp-json\/wp\/v2\/pages"}],"about":[{"href":"https:\/\/www.vild-shop.com\/en\/wp-json\/wp\/v2\/types\/page"}],"author":[{"embeddable":true,"href":"https:\/\/www.vild-shop.com\/en\/wp-json\/wp\/v2\/users\/1"}],"replies":[{"embeddable":true,"href":"https:\/\/www.vild-shop.com\/en\/wp-json\/wp\/v2\/comments?post=28164"}],"version-history":[{"count":0,"href":"https:\/\/www.vild-shop.com\/en\/wp-json\/wp\/v2\/pages\/28164\/revisions"}],"wp:attachment":[{"href":"https:\/\/www.vild-shop.com\/en\/wp-json\/wp\/v2\/media?parent=28164"}],"curies":[{"name":"wp","href":"https:\/\/api.w.org\/{rel}","templated":true}]}}