{"id":31480,"date":"2025-04-21T14:28:16","date_gmt":"2025-04-21T14:28:16","guid":{"rendered":"https:\/\/www.vild-shop.com\/?page_id=31480"},"modified":"2025-10-09T10:48:08","modified_gmt":"2025-10-09T10:48:08","slug":"imprint","status":"publish","type":"page","link":"https:\/\/www.vild-shop.com\/en\/imprint\/","title":{"rendered":"Imprint"},"content":{"rendered":"<h2>Imprint<\/h2>\n<p>Customer service<br \/>\nEmail: contact@vild-shop.com<\/p>\n<p>Responsible for the content of the site:<\/p>\n<p>vild eK<br \/>\nGertigstrasse 5<br \/>\n22303 Hamburg, Germany<\/p>\n<p style=\"font-style: normal; font-variant-caps: normal; font-family: 'Trebuchet MS', Helvetica, sans-serif; font-size: 15px;\">Managing Director: Bastian Wilde<br \/>\nRegister court: Hamburg District Court<br \/>\nRegistration number: HRA 123345<br \/>\nVAT identification number: DE311931637<\/p>\n<p style=\"font-style: normal; font-variant-caps: normal; font-family: 'Trebuchet MS', Helvetica, sans-serif; font-size: 15px;\">Image sources<\/p>\n<p style=\"font-style: normal; font-variant-caps: normal; font-family: 'Trebuchet MS', Helvetica, sans-serif; font-size: 15px;\">\u00a9 stocksnap.io<br \/>\n\u00a9 fotolia.com<\/p>\n<p style=\"font-style: normal; font-variant-caps: normal; font-family: 'Trebuchet MS', Helvetica, sans-serif; font-size: 15px;\">The EU Commission offers the possibility of online dispute resolution on an online platform operated by the Commission. This platform can be accessed via the external link http:\/\/ec.europa.eu\/consumers\/odr\/.<\/p>\n<p style=\"font-style: normal; font-variant-caps: normal; font-family: 'Trebuchet MS', Helvetica, sans-serif; font-size: 15px;\">We are not obliged to participate in an arbitration procedure and unfortunately cannot offer participation in such a procedure.<\/p>\n<p style=\"font-style: normal; font-variant-caps: normal; font-family: 'Trebuchet MS', Helvetica, sans-serif; font-size: 15px;\">Should any content or the design of individual pages or parts of this website infringe the rights of third parties or legal provisions or otherwise cause any kind of competition law problems, the person responsible for this website requests, in accordance with Section 8 (4) of the German Unfair Competition Act (UWG), an appropriate, sufficiently explanatory and prompt message <strong style=\"font-size: 15px;\">without<\/strong> We guarantee that any legitimately objected passages or parts of this website will be removed within a reasonable period of time or comprehensively adapted to comply with legal requirements, without requiring you to seek legal advice.<\/p>\n<p style=\"margin-bottom: 0px; font-style: normal; font-variant-caps: normal; font-family: 'Trebuchet MS', Helvetica, sans-serif; font-size: 15px;\">The involvement of a lawyer to issue a warning letter, which is subject to costs for the service provider, does not correspond to the service provider&#039;s actual or presumed will and would therefore constitute a violation of Section 13 (5) of the Unfair Competition Act (UWG), due to the pursuit of extraneous goals as the dominant motive for initiating the proceedings, in particular the intention to generate costs as the actual driving force, as well as a violation of the duty to mitigate damages.<\/p>\n<p style=\"margin-bottom:20px;\">\n<h3>Contact:<\/h3>\n<p>Email: contact@vild-shop.com<\/p>\n\n<div class=\"wpcf7 no-js\" id=\"wpcf7-f21645-o1\" lang=\"en-US\" dir=\"ltr\" data-wpcf7-id=\"21645\">\n<div class=\"screen-reader-response\"><p role=\"status\" aria-live=\"polite\" aria-atomic=\"true\"><\/p> <ul><\/ul><\/div>\n<form action=\"\/en\/wp-json\/wp\/v2\/pages\/31480#wpcf7-f21645-o1\" method=\"post\" class=\"wpcf7-form init\" aria-label=\"Contact form\" novalidate=\"novalidate\" data-status=\"init\" data-trp-original-action=\"\/en\/wp-json\/wp\/v2\/pages\/31480#wpcf7-f21645-o1\">\n<fieldset class=\"hidden-fields-container\"><input type=\"hidden\" name=\"_wpcf7\" value=\"21645\" \/><input type=\"hidden\" name=\"_wpcf7_version\" value=\"6.1.4\" \/><input type=\"hidden\" name=\"_wpcf7_locale\" value=\"en_US\" \/><input type=\"hidden\" name=\"_wpcf7_unit_tag\" value=\"wpcf7-f21645-o1\" \/><input type=\"hidden\" name=\"_wpcf7_container_post\" value=\"0\" \/><input type=\"hidden\" name=\"_wpcf7_posted_data_hash\" value=\"\" \/>\n<\/fieldset>\n<p><label> Your name<br \/>\n<span class=\"wpcf7-form-control-wrap\" data-name=\"your-name\"><input size=\"40\" maxlength=\"400\" class=\"wpcf7-form-control wpcf7-text wpcf7-validates-as-required\" autocomplete=\"name\" aria-required=\"true\" aria-invalid=\"false\" value=\"\" type=\"text\" name=\"your-name\" \/><\/span> <\/label>\n<\/p>\n<p><label> Your email address<br \/>\n<span class=\"wpcf7-form-control-wrap\" data-name=\"your-email\"><input size=\"40\" maxlength=\"400\" class=\"wpcf7-form-control wpcf7-email wpcf7-validates-as-required wpcf7-text wpcf7-validates-as-email\" autocomplete=\"email\" aria-required=\"true\" aria-invalid=\"false\" value=\"\" type=\"email\" name=\"your-email\" \/><\/span> <\/label>\n<\/p>\n<p><label> Regarding<br \/>\n<span class=\"wpcf7-form-control-wrap\" data-name=\"your-subject\"><input size=\"40\" maxlength=\"400\" class=\"wpcf7-form-control wpcf7-text wpcf7-validates-as-required\" aria-required=\"true\" aria-invalid=\"false\" value=\"\" type=\"text\" name=\"your-subject\" \/><\/span> <\/label>\n<\/p>\n<p><label> Your message<br \/>\n<span class=\"wpcf7-form-control-wrap\" data-name=\"your-message\"><textarea cols=\"40\" rows=\"10\" maxlength=\"2000\" class=\"wpcf7-form-control wpcf7-textarea\" aria-invalid=\"false\" name=\"your-message\"><\/textarea><\/span> <\/label>\n<\/p>\n<p><div class=\"cf7-cf-turnstile\" style=\"margin-top: 0px; margin-bottom: -15px;\"> <div id=\"cf-turnstile-cf7-4224575661\" class=\"cf-turnstile\" data-sitekey=\"0x4AAAAAABjKuLP_toioAxKx\" data-theme=\"light\" data-language=\"auto\" data-size=\"normal\" data-retry=\"auto\" data-retry-interval=\"1000\" data-refresh-expired=\"auto\" data-action=\"contact-form-7\" data-appearance=\"interaction-only\"><\/div> <script>document.addEventListener(\"DOMContentLoaded\", function() { setTimeout(function(){ var e=document.getElementById(\"cf-turnstile-cf7-4224575661\"); e&&!e.innerHTML.trim()&&(turnstile.remove(\"#cf-turnstile-cf7-4224575661\"), turnstile.render(\"#cf-turnstile-cf7-4224575661\", {sitekey:\"0x4AAAAAABjKuLP_toioAxKx\"})); }, 100); });<\/script> <style>#cf-turnstile-cf7-4224575661 iframe { margin-bottom: 15px; }<\/style> <style>#cf-turnstile-cf7-4224575661 { margin-left: -15px; }<\/style> <script>document.addEventListener(\"DOMContentLoaded\",function(){document.querySelectorAll('.wpcf7-form').forEach(function(e){e.addEventListener('submit',function(){if(document.getElementById('cf-turnstile-cf7-4224575661')){setTimeout(function(){turnstile.reset('#cf-turnstile-cf7-4224575661');},1000)}})})});<\/script> <\/div><br \/>\n<input class=\"wpcf7-form-control wpcf7-submit has-spinner\" type=\"submit\" value=\"Send\" \/>\n<\/p><div class=\"wpcf7-response-output\" aria-hidden=\"true\"><\/div>\n<input type=\"hidden\" name=\"trp-form-language\" value=\"en\"\/><\/form>\n<\/div>","protected":false},"excerpt":{"rendered":"<p>Impressum Kundenservice E-Mail: contact@vild-shop.com Verantwortlich f\u00fcr den Inhalt der Seite: vild e.K. Gertigstr. 5 22303 Hamburg, Deutschland Gesch\u00e4ftsf\u00fchrer: Bastian Wilde<\/p>","protected":false},"author":1,"featured_media":0,"parent":0,"menu_order":0,"comment_status":"closed","ping_status":"closed","template":"","meta":{"footnotes":""},"class_list":["post-31480","page","type-page","status-publish","hentry"],"yoast_head":"<!-- This site is optimized with the Yoast SEO plugin v26.7 - https:\/\/yoast.com\/wordpress\/plugins\/seo\/ -->\n<title>Impressum | vild-shop<\/title>\n<meta name=\"description\" content=\"Service Kontakt: contact@vild-shop.com Sie k\u00f6nnen uns jederzeit eine Mail schreiben, wir antworten wochentags innerhalb von 24 Stunden.\" \/>\n<meta name=\"robots\" content=\"index, follow, max-snippet:-1, max-image-preview:large, max-video-preview:-1\" \/>\n<link rel=\"canonical\" href=\"https:\/\/www.vild-shop.com\/en\/imprint\/\" \/>\n<meta property=\"og:locale\" content=\"en_GB\" \/>\n<meta property=\"og:type\" content=\"article\" \/>\n<meta property=\"og:title\" content=\"Impressum | vild-shop\" \/>\n<meta property=\"og:description\" content=\"Service Kontakt: contact@vild-shop.com Sie k\u00f6nnen uns jederzeit eine Mail schreiben, wir antworten wochentags innerhalb von 24 Stunden.\" \/>\n<meta property=\"og:url\" content=\"https:\/\/www.vild-shop.com\/en\/imprint\/\" \/>\n<meta property=\"og:site_name\" content=\"vild Hamburg\" \/>\n<meta property=\"article:publisher\" content=\"https:\/\/www.facebook.com\/vildhamburg\/\" \/>\n<meta property=\"article:modified_time\" content=\"2025-10-09T10:48:08+00:00\" \/>\n<meta name=\"twitter:card\" content=\"summary_large_image\" \/>\n<meta name=\"twitter:label1\" content=\"Estimated reading time\" \/>\n\t<meta name=\"twitter:data1\" content=\"2 minutes\" \/>\n<script type=\"application\/ld+json\" class=\"yoast-schema-graph\">{\"@context\":\"https:\/\/schema.org\",\"@graph\":[{\"@type\":\"WebPage\",\"@id\":\"https:\/\/www.vild-shop.com\/impressum\/\",\"url\":\"https:\/\/www.vild-shop.com\/impressum\/\",\"name\":\"Impressum | vild-shop\",\"isPartOf\":{\"@id\":\"https:\/\/www.vild-shop.com\/#website\"},\"datePublished\":\"2025-04-21T14:28:16+00:00\",\"dateModified\":\"2025-10-09T10:48:08+00:00\",\"description\":\"Service Kontakt: contact@vild-shop.com Sie k\u00f6nnen uns jederzeit eine Mail schreiben, wir antworten wochentags innerhalb von 24 Stunden.\",\"breadcrumb\":{\"@id\":\"https:\/\/www.vild-shop.com\/impressum\/#breadcrumb\"},\"inLanguage\":\"en-GB\",\"potentialAction\":[{\"@type\":\"ReadAction\",\"target\":[\"https:\/\/www.vild-shop.com\/impressum\/\"]}]},{\"@type\":\"BreadcrumbList\",\"@id\":\"https:\/\/www.vild-shop.com\/impressum\/#breadcrumb\",\"itemListElement\":[{\"@type\":\"ListItem\",\"position\":1,\"name\":\"Home\",\"item\":\"https:\/\/www.vild-shop.com\/\"},{\"@type\":\"ListItem\",\"position\":2,\"name\":\"Impressum\"}]},{\"@type\":\"WebSite\",\"@id\":\"https:\/\/www.vild-shop.com\/#website\",\"url\":\"https:\/\/www.vild-shop.com\/\",\"name\":\"vild Hamburg\",\"description\":\"Accessoires f\u00fcr deine Armbanduhr &amp; Smartwatch\",\"publisher\":{\"@id\":\"https:\/\/www.vild-shop.com\/#organization\"},\"potentialAction\":[{\"@type\":\"SearchAction\",\"target\":{\"@type\":\"EntryPoint\",\"urlTemplate\":\"https:\/\/www.vild-shop.com\/?s={search_term_string}\"},\"query-input\":{\"@type\":\"PropertyValueSpecification\",\"valueRequired\":true,\"valueName\":\"search_term_string\"}}],\"inLanguage\":\"en-GB\"},{\"@type\":\"Organization\",\"@id\":\"https:\/\/www.vild-shop.com\/#organization\",\"name\":\"vild Hamburg\",\"url\":\"https:\/\/www.vild-shop.com\/\",\"logo\":{\"@type\":\"ImageObject\",\"inLanguage\":\"en-GB\",\"@id\":\"https:\/\/www.vild-shop.com\/#\/schema\/logo\/image\/\",\"url\":\"https:\/\/www.vild-shop.com\/wp-content\/uploads\/2025\/07\/vild-Hamburg-Logo-800.jpg\",\"contentUrl\":\"https:\/\/www.vild-shop.com\/wp-content\/uploads\/2025\/07\/vild-Hamburg-Logo-800.jpg\",\"width\":800,\"height\":800,\"caption\":\"vild Hamburg\"},\"image\":{\"@id\":\"https:\/\/www.vild-shop.com\/#\/schema\/logo\/image\/\"},\"sameAs\":[\"https:\/\/www.facebook.com\/vildhamburg\/\",\"https:\/\/de.pinterest.com\/vildessentials\/\",\"https:\/\/www.instagram.com\/vild_hamburg\/\"]}]}<\/script>\n<!-- \/ Yoast SEO plugin. -->","yoast_head_json":{"title":"Imprint | vild-shop","description":"Service contact: contact@vild-shop.com You can write us an email at any time, we will respond within 24 hours on weekdays.","robots":{"index":"index","follow":"follow","max-snippet":"max-snippet:-1","max-image-preview":"max-image-preview:large","max-video-preview":"max-video-preview:-1"},"canonical":"https:\/\/www.vild-shop.com\/en\/imprint\/","og_locale":"en_GB","og_type":"article","og_title":"Impressum | vild-shop","og_description":"Service Kontakt: contact@vild-shop.com Sie k\u00f6nnen uns jederzeit eine Mail schreiben, wir antworten wochentags innerhalb von 24 Stunden.","og_url":"https:\/\/www.vild-shop.com\/en\/imprint\/","og_site_name":"vild Hamburg","article_publisher":"https:\/\/www.facebook.com\/vildhamburg\/","article_modified_time":"2025-10-09T10:48:08+00:00","twitter_card":"summary_large_image","twitter_misc":{"Estimated reading time":"2 minutes"},"schema":{"@context":"https:\/\/schema.org","@graph":[{"@type":"WebPage","@id":"https:\/\/www.vild-shop.com\/impressum\/","url":"https:\/\/www.vild-shop.com\/impressum\/","name":"Imprint | vild-shop","isPartOf":{"@id":"https:\/\/www.vild-shop.com\/#website"},"datePublished":"2025-04-21T14:28:16+00:00","dateModified":"2025-10-09T10:48:08+00:00","description":"Service contact: contact@vild-shop.com You can write us an email at any time, we will respond within 24 hours on weekdays.","breadcrumb":{"@id":"https:\/\/www.vild-shop.com\/impressum\/#breadcrumb"},"inLanguage":"en-GB","potentialAction":[{"@type":"ReadAction","target":["https:\/\/www.vild-shop.com\/impressum\/"]}]},{"@type":"BreadcrumbList","@id":"https:\/\/www.vild-shop.com\/impressum\/#breadcrumb","itemListElement":[{"@type":"ListItem","position":1,"name":"Home","item":"https:\/\/www.vild-shop.com\/"},{"@type":"ListItem","position":2,"name":"Impressum"}]},{"@type":"WebSite","@id":"https:\/\/www.vild-shop.com\/#website","url":"https:\/\/www.vild-shop.com\/","name":"vild Hamburg","description":"Accessories for your watch &amp; smartwatch","publisher":{"@id":"https:\/\/www.vild-shop.com\/#organization"},"potentialAction":[{"@type":"SearchAction","target":{"@type":"EntryPoint","urlTemplate":"https:\/\/www.vild-shop.com\/?s={search_term_string}"},"query-input":{"@type":"PropertyValueSpecification","valueRequired":true,"valueName":"search_term_string"}}],"inLanguage":"en-GB"},{"@type":"Organization","@id":"https:\/\/www.vild-shop.com\/#organization","name":"vild Hamburg","url":"https:\/\/www.vild-shop.com\/","logo":{"@type":"ImageObject","inLanguage":"en-GB","@id":"https:\/\/www.vild-shop.com\/#\/schema\/logo\/image\/","url":"https:\/\/www.vild-shop.com\/wp-content\/uploads\/2025\/07\/vild-Hamburg-Logo-800.jpg","contentUrl":"https:\/\/www.vild-shop.com\/wp-content\/uploads\/2025\/07\/vild-Hamburg-Logo-800.jpg","width":800,"height":800,"caption":"vild Hamburg"},"image":{"@id":"https:\/\/www.vild-shop.com\/#\/schema\/logo\/image\/"},"sameAs":["https:\/\/www.facebook.com\/vildhamburg\/","https:\/\/de.pinterest.com\/vildessentials\/","https:\/\/www.instagram.com\/vild_hamburg\/"]}]}},"_links":{"self":[{"href":"https:\/\/www.vild-shop.com\/en\/wp-json\/wp\/v2\/pages\/31480","targetHints":{"allow":["GET"]}}],"collection":[{"href":"https:\/\/www.vild-shop.com\/en\/wp-json\/wp\/v2\/pages"}],"about":[{"href":"https:\/\/www.vild-shop.com\/en\/wp-json\/wp\/v2\/types\/page"}],"author":[{"embeddable":true,"href":"https:\/\/www.vild-shop.com\/en\/wp-json\/wp\/v2\/users\/1"}],"replies":[{"embeddable":true,"href":"https:\/\/www.vild-shop.com\/en\/wp-json\/wp\/v2\/comments?post=31480"}],"version-history":[{"count":0,"href":"https:\/\/www.vild-shop.com\/en\/wp-json\/wp\/v2\/pages\/31480\/revisions"}],"wp:attachment":[{"href":"https:\/\/www.vild-shop.com\/en\/wp-json\/wp\/v2\/media?parent=31480"}],"curies":[{"name":"wp","href":"https:\/\/api.w.org\/{rel}","templated":true}]}}