{"id":34818,"date":"2025-05-22T15:12:15","date_gmt":"2025-05-22T15:12:15","guid":{"rendered":"https:\/\/www.vild-shop.com\/?page_id=34818"},"modified":"2025-07-02T08:17:54","modified_gmt":"2025-07-02T08:17:54","slug":"business-customers","status":"publish","type":"page","link":"https:\/\/www.vild-shop.com\/en\/business-customers\/","title":{"rendered":"Watches &amp; watch straps for business customers"},"content":{"rendered":"<div data-elementor-type=\"wp-page\" data-elementor-id=\"34818\" class=\"elementor elementor-34818\">\n\t\t\t\t<div class=\"wd-negative-gap elementor-element elementor-element-2d09226 wd-section-stretch e-flex e-con-boxed e-con e-parent\" data-id=\"2d09226\" data-element_type=\"container\" data-settings=\"{&quot;background_background&quot;:&quot;classic&quot;}\">\n\t\t\t\t\t<div class=\"e-con-inner\">\n\t\t\t\t\t<\/div>\n\t\t\t\t<\/div>\n\t\t<div class=\"wd-negative-gap elementor-element elementor-element-0c14969 wd-section-stretch-content e-flex e-con-boxed e-con e-parent\" data-id=\"0c14969\" data-element_type=\"container\">\n\t\t\t\t\t<div class=\"e-con-inner\">\n\t\t<div class=\"elementor-element elementor-element-8bc2961 e-con-full e-flex e-con e-child\" data-id=\"8bc2961\" data-element_type=\"container\">\n\t\t\t\t<div class=\"elementor-element elementor-element-5516e43 elementor-widget elementor-widget-image\" data-id=\"5516e43\" data-element_type=\"widget\" data-widget_type=\"image.default\">\n\t\t\t\t<div class=\"elementor-widget-container\">\n\t\t\t\t\t\t\t\t\t\t\t\t\t\t\t<img loading=\"lazy\" decoding=\"async\" width=\"1536\" height=\"768\" src=\"https:\/\/www.vild-shop.com\/wp-content\/uploads\/2025\/05\/vild-hamburg-uhren-accessoires-planung.webp\" class=\"attachment-full size-full wp-image-33881\" alt=\"\" srcset=\"https:\/\/www.vild-shop.com\/wp-content\/uploads\/2025\/05\/vild-hamburg-uhren-accessoires-planung.webp 1536w, https:\/\/www.vild-shop.com\/wp-content\/uploads\/2025\/05\/vild-hamburg-uhren-accessoires-planung-400x200.webp 400w, https:\/\/www.vild-shop.com\/wp-content\/uploads\/2025\/05\/vild-hamburg-uhren-accessoires-planung-1300x650.webp 1300w, https:\/\/www.vild-shop.com\/wp-content\/uploads\/2025\/05\/vild-hamburg-uhren-accessoires-planung-768x384.webp 768w, https:\/\/www.vild-shop.com\/wp-content\/uploads\/2025\/05\/vild-hamburg-uhren-accessoires-planung-430x215.webp 430w, https:\/\/www.vild-shop.com\/wp-content\/uploads\/2025\/05\/vild-hamburg-uhren-accessoires-planung-700x350.webp 700w, https:\/\/www.vild-shop.com\/wp-content\/uploads\/2025\/05\/vild-hamburg-uhren-accessoires-planung-150x75.webp 150w\" sizes=\"auto, (max-width: 1536px) 100vw, 1536px\" \/>\t\t\t\t\t\t\t\t\t\t\t\t\t\t\t<\/div>\n\t\t\t\t<\/div>\n\t\t\t\t<\/div>\n\t\t<div class=\"elementor-element elementor-element-fa6bfef e-con-full e-flex e-con e-child\" data-id=\"fa6bfef\" data-element_type=\"container\">\n\t\t\t\t<div class=\"elementor-element elementor-element-3761c23 wd-width-100 elementor-widget elementor-widget-wd_title\" data-id=\"3761c23\" data-element_type=\"widget\" data-widget_type=\"wd_title.default\">\n\t\t\t\t<div class=\"elementor-widget-container\">\n\t\t\t\t\t\t\t<div class=\"title-wrapper wd-set-mb reset-last-child wd-title-color-default wd-title-style-default wd-title-size-default text-left\">\n\n\t\t\t\n\t\t\t<div class=\"liner-continer\">\n\t\t\t\t<h4 class=\"woodmart-title-container title wd-fontsize-l\">Watches or watch straps for your business or company<br \/>\n<\/h4> \n\t\t\t\t\t\t\t<\/div>\n\n\t\t\t\t\t\t\t<div class=\"title-after_title reset-last-child wd-fontsize-xs\">\n\t\t\t\t\tWe would be happy to provide you with a customized quote and advise you on the selection that best meets your needs and expectations. We are flexible in terms of quantities; larger quantities of watch straps, for example, for your business, may require a longer lead time of at least six weeks, as we manufacture them from scratch. We recommend inquiring as far in advance as possible about special offers for special occasions, such as company anniversaries or Christmas.\t\t\t\t<\/div>\n\t\t\t\t\t<\/div>\n\t\t\t\t\t\t<\/div>\n\t\t\t\t<\/div>\n\t\t\t\t<\/div>\n\t\t\t\t\t<\/div>\n\t\t\t\t<\/div>\n\t\t<div class=\"elementor-element elementor-element-d4a7197 wd-section-stretch-content e-flex e-con-boxed e-con e-parent\" data-id=\"d4a7197\" data-element_type=\"container\">\n\t\t\t\t\t<div class=\"e-con-inner\">\n\t\t\t\t<div class=\"elementor-element elementor-element-5b82ab9 wd-width-100 elementor-widget elementor-widget-wd_title\" data-id=\"5b82ab9\" data-element_type=\"widget\" data-widget_type=\"wd_title.default\">\n\t\t\t\t<div class=\"elementor-widget-container\">\n\t\t\t\t\t\t\t<div class=\"title-wrapper wd-set-mb reset-last-child wd-title-color-default wd-title-style-default wd-title-size-default text-left\">\n\n\t\t\t\n\t\t\t<div class=\"liner-continer\">\n\t\t\t\t<h4 class=\"woodmart-title-container title wd-fontsize-l\">Custom-made watch straps, watch cases or watch bags<br \/>\n<\/h4> \n\t\t\t\t\t\t\t<\/div>\n\n\t\t\t\t\t\t\t<div class=\"title-after_title reset-last-child wd-fontsize-xs\">\n\t\t\t\t\t<p>In addition to the products in our shop, we also offer custom-made watch accessories based on our current selection in our online shop. This allows you to work with us to determine the material type, color, design, and branding. Custom-made watch straps or accessories can be co-branded with your own brand. Please note that custom orders require a minimum order quantity, which we are happy to discuss with you in advance. We recommend a lead time of at least 2\u20133 months.<\/p>\t\t\t\t<\/div>\n\t\t\t\t\t<\/div>\n\t\t\t\t\t\t<\/div>\n\t\t\t\t<\/div>\n\t\t\t\t\t<\/div>\n\t\t\t\t<\/div>\n\t\t<div class=\"wd-negative-gap elementor-element elementor-element-c222260 wd-section-stretch-content e-flex e-con-boxed e-con e-parent\" data-id=\"c222260\" data-element_type=\"container\">\n\t\t\t\t\t<div class=\"e-con-inner\">\n\t\t<div class=\"elementor-element elementor-element-6fa21dd e-con-full e-flex e-con e-child\" data-id=\"6fa21dd\" data-element_type=\"container\">\n\t\t\t\t<div class=\"elementor-element elementor-element-22eaea2 wd-cf7 elementor-widget elementor-widget-wd_contact_form_7\" data-id=\"22eaea2\" data-element_type=\"widget\" data-widget_type=\"wd_contact_form_7.default\">\n\t\t\t\t<div class=\"elementor-widget-container\">\n\t\t\t\t\t\n<div class=\"wpcf7 no-js\" id=\"wpcf7-f21645-o1\" lang=\"en-US\" dir=\"ltr\" data-wpcf7-id=\"21645\">\n<div class=\"screen-reader-response\"><p role=\"status\" aria-live=\"polite\" aria-atomic=\"true\"><\/p> <ul><\/ul><\/div>\n<form action=\"\/en\/wp-json\/wp\/v2\/pages\/34818#wpcf7-f21645-o1\" method=\"post\" class=\"wpcf7-form init\" aria-label=\"Contact form\" novalidate=\"novalidate\" data-status=\"init\" data-trp-original-action=\"\/en\/wp-json\/wp\/v2\/pages\/34818#wpcf7-f21645-o1\">\n<fieldset class=\"hidden-fields-container\"><input type=\"hidden\" name=\"_wpcf7\" value=\"21645\" \/><input type=\"hidden\" name=\"_wpcf7_version\" value=\"6.1.4\" \/><input type=\"hidden\" name=\"_wpcf7_locale\" value=\"en_US\" \/><input type=\"hidden\" name=\"_wpcf7_unit_tag\" value=\"wpcf7-f21645-o1\" \/><input type=\"hidden\" name=\"_wpcf7_container_post\" value=\"0\" \/><input type=\"hidden\" name=\"_wpcf7_posted_data_hash\" value=\"\" \/>\n<\/fieldset>\n<p><label> Your name<br \/>\n<span class=\"wpcf7-form-control-wrap\" data-name=\"your-name\"><input size=\"40\" maxlength=\"400\" class=\"wpcf7-form-control wpcf7-text wpcf7-validates-as-required\" autocomplete=\"name\" aria-required=\"true\" aria-invalid=\"false\" value=\"\" type=\"text\" name=\"your-name\" \/><\/span> <\/label>\n<\/p>\n<p><label> Your email address<br \/>\n<span class=\"wpcf7-form-control-wrap\" data-name=\"your-email\"><input size=\"40\" maxlength=\"400\" class=\"wpcf7-form-control wpcf7-email wpcf7-validates-as-required wpcf7-text wpcf7-validates-as-email\" autocomplete=\"email\" aria-required=\"true\" aria-invalid=\"false\" value=\"\" type=\"email\" name=\"your-email\" \/><\/span> <\/label>\n<\/p>\n<p><label> Regarding<br \/>\n<span class=\"wpcf7-form-control-wrap\" data-name=\"your-subject\"><input size=\"40\" maxlength=\"400\" class=\"wpcf7-form-control wpcf7-text wpcf7-validates-as-required\" aria-required=\"true\" aria-invalid=\"false\" value=\"\" type=\"text\" name=\"your-subject\" \/><\/span> <\/label>\n<\/p>\n<p><label> Your message<br \/>\n<span class=\"wpcf7-form-control-wrap\" data-name=\"your-message\"><textarea cols=\"40\" rows=\"10\" maxlength=\"2000\" class=\"wpcf7-form-control wpcf7-textarea\" aria-invalid=\"false\" name=\"your-message\"><\/textarea><\/span> <\/label>\n<\/p>\n<p><div class=\"cf7-cf-turnstile\" style=\"margin-top: 0px; margin-bottom: -15px;\"> <div id=\"cf-turnstile-cf7-1018314520\" class=\"cf-turnstile\" data-sitekey=\"0x4AAAAAABjKuLP_toioAxKx\" data-theme=\"light\" data-language=\"auto\" data-size=\"normal\" data-retry=\"auto\" data-retry-interval=\"1000\" data-refresh-expired=\"auto\" data-action=\"contact-form-7\" data-appearance=\"interaction-only\"><\/div> <script>document.addEventListener(\"DOMContentLoaded\", function() { setTimeout(function(){ var e=document.getElementById(\"cf-turnstile-cf7-1018314520\"); e&&!e.innerHTML.trim()&&(turnstile.remove(\"#cf-turnstile-cf7-1018314520\"), turnstile.render(\"#cf-turnstile-cf7-1018314520\", {sitekey:\"0x4AAAAAABjKuLP_toioAxKx\"})); }, 100); });<\/script> <style>#cf-turnstile-cf7-1018314520 iframe { margin-bottom: 15px; }<\/style> <style>#cf-turnstile-cf7-1018314520 { margin-left: -15px; }<\/style> <script>document.addEventListener(\"DOMContentLoaded\",function(){document.querySelectorAll('.wpcf7-form').forEach(function(e){e.addEventListener('submit',function(){if(document.getElementById('cf-turnstile-cf7-1018314520')){setTimeout(function(){turnstile.reset('#cf-turnstile-cf7-1018314520');},1000)}})})});<\/script> <\/div><br \/>\n<input class=\"wpcf7-form-control wpcf7-submit has-spinner\" type=\"submit\" value=\"Send\" \/>\n<\/p><div class=\"wpcf7-response-output\" aria-hidden=\"true\"><\/div>\n<input type=\"hidden\" name=\"trp-form-language\" value=\"en\"\/><\/form>\n<\/div>\n\t\t\t\t<\/div>\n\t\t\t\t<\/div>\n\t\t\t\t<\/div>\n\t\t<div class=\"elementor-element elementor-element-cb5ff50 e-con-full e-flex e-con e-child\" data-id=\"cb5ff50\" data-element_type=\"container\">\n\t\t\t\t<div class=\"elementor-element elementor-element-6d4dd70 wd-width-100 elementor-widget elementor-widget-wd_title\" data-id=\"6d4dd70\" data-element_type=\"widget\" data-widget_type=\"wd_title.default\">\n\t\t\t\t<div class=\"elementor-widget-container\">\n\t\t\t\t\t\t\t<div class=\"title-wrapper wd-set-mb reset-last-child wd-title-color-default wd-title-style-default wd-title-size-default text-left\">\n\n\t\t\t\n\t\t\t<div class=\"liner-continer\">\n\t\t\t\t<div class=\"woodmart-title-container title wd-fontsize-l\"><\/div> \n\t\t\t\t\t\t\t<\/div>\n\n\t\t\t\t\t\t\t<div class=\"title-after_title reset-last-child wd-fontsize-xs\">\n\t\t\t\t\t<p>Here you can contact us quickly and easily with inquiries as a business customer. Upon request, we would be happy to schedule a phone appointment with you to discuss your requirements and a possible collaboration with vild.<\/p>\t\t\t\t<\/div>\n\t\t\t\t\t<\/div>\n\t\t\t\t\t\t<\/div>\n\t\t\t\t<\/div>\n\t\t\t\t<\/div>\n\t\t\t\t\t<\/div>\n\t\t\t\t<\/div>\n\t\t\t\t<\/div>","protected":false},"excerpt":{"rendered":"<p>Watches or watch straps for your business or company We will be happy to provide you with an individual offer and advise you on the<\/p>","protected":false},"author":1,"featured_media":0,"parent":0,"menu_order":0,"comment_status":"closed","ping_status":"closed","template":"","meta":{"footnotes":""},"class_list":["post-34818","page","type-page","status-publish","hentry"],"yoast_head":"<!-- This site is optimized with the Yoast SEO plugin v26.7 - https:\/\/yoast.com\/wordpress\/plugins\/seo\/ -->\n<title>Uhren &amp; Uhrarmb\u00e4nder f\u00fcr Gesch\u00e4ftskunden - vild Hamburg<\/title>\n<meta name=\"robots\" content=\"index, follow, max-snippet:-1, max-image-preview:large, max-video-preview:-1\" \/>\n<link rel=\"canonical\" href=\"https:\/\/www.vild-shop.com\/en\/business-customers\/\" \/>\n<meta property=\"og:locale\" content=\"en_GB\" \/>\n<meta property=\"og:type\" content=\"article\" \/>\n<meta property=\"og:title\" content=\"Uhren &amp; Uhrarmb\u00e4nder f\u00fcr Gesch\u00e4ftskunden - vild Hamburg\" \/>\n<meta property=\"og:description\" content=\"Uhren oder Uhrarmb\u00e4nder f\u00fcr Ihr Gesch\u00e4ft oder Unternehmen Wir erstellen Ihnen gerne ein individuelles Angebot und beraten Sie in der\" \/>\n<meta property=\"og:url\" content=\"https:\/\/www.vild-shop.com\/en\/business-customers\/\" \/>\n<meta property=\"og:site_name\" content=\"vild Hamburg\" \/>\n<meta property=\"article:publisher\" content=\"https:\/\/www.facebook.com\/vildhamburg\/\" \/>\n<meta property=\"article:modified_time\" content=\"2025-07-02T08:17:54+00:00\" \/>\n<meta property=\"og:image\" content=\"https:\/\/www.vild-shop.com\/wp-content\/uploads\/2025\/05\/vild-hamburg-uhren-accessoires-planung.webp\" \/>\n\t<meta property=\"og:image:width\" content=\"1536\" \/>\n\t<meta property=\"og:image:height\" content=\"768\" \/>\n\t<meta property=\"og:image:type\" content=\"image\/webp\" \/>\n<meta name=\"twitter:card\" content=\"summary_large_image\" \/>\n<meta name=\"twitter:label1\" content=\"Estimated reading time\" \/>\n\t<meta name=\"twitter:data1\" content=\"2 minutes\" \/>\n<script type=\"application\/ld+json\" class=\"yoast-schema-graph\">{\"@context\":\"https:\/\/schema.org\",\"@graph\":[{\"@type\":\"WebPage\",\"@id\":\"https:\/\/www.vild-shop.com\/geschaeftskunden\/\",\"url\":\"https:\/\/www.vild-shop.com\/geschaeftskunden\/\",\"name\":\"Uhren & Uhrarmb\u00e4nder f\u00fcr Gesch\u00e4ftskunden - vild Hamburg\",\"isPartOf\":{\"@id\":\"https:\/\/www.vild-shop.com\/#website\"},\"primaryImageOfPage\":{\"@id\":\"https:\/\/www.vild-shop.com\/geschaeftskunden\/#primaryimage\"},\"image\":{\"@id\":\"https:\/\/www.vild-shop.com\/geschaeftskunden\/#primaryimage\"},\"thumbnailUrl\":\"https:\/\/www.vild-shop.com\/wp-content\/uploads\/2025\/05\/vild-hamburg-uhren-accessoires-planung.webp\",\"datePublished\":\"2025-05-22T15:12:15+00:00\",\"dateModified\":\"2025-07-02T08:17:54+00:00\",\"breadcrumb\":{\"@id\":\"https:\/\/www.vild-shop.com\/geschaeftskunden\/#breadcrumb\"},\"inLanguage\":\"en-GB\",\"potentialAction\":[{\"@type\":\"ReadAction\",\"target\":[\"https:\/\/www.vild-shop.com\/geschaeftskunden\/\"]}]},{\"@type\":\"ImageObject\",\"inLanguage\":\"en-GB\",\"@id\":\"https:\/\/www.vild-shop.com\/geschaeftskunden\/#primaryimage\",\"url\":\"https:\/\/www.vild-shop.com\/wp-content\/uploads\/2025\/05\/vild-hamburg-uhren-accessoires-planung.webp\",\"contentUrl\":\"https:\/\/www.vild-shop.com\/wp-content\/uploads\/2025\/05\/vild-hamburg-uhren-accessoires-planung.webp\"},{\"@type\":\"BreadcrumbList\",\"@id\":\"https:\/\/www.vild-shop.com\/geschaeftskunden\/#breadcrumb\",\"itemListElement\":[{\"@type\":\"ListItem\",\"position\":1,\"name\":\"Home\",\"item\":\"https:\/\/www.vild-shop.com\/\"},{\"@type\":\"ListItem\",\"position\":2,\"name\":\"Uhren &#038; Uhrarmb\u00e4nder f\u00fcr Gesch\u00e4ftskunden\"}]},{\"@type\":\"WebSite\",\"@id\":\"https:\/\/www.vild-shop.com\/#website\",\"url\":\"https:\/\/www.vild-shop.com\/\",\"name\":\"vild Hamburg\",\"description\":\"Accessoires f\u00fcr deine Armbanduhr &amp; Smartwatch\",\"publisher\":{\"@id\":\"https:\/\/www.vild-shop.com\/#organization\"},\"potentialAction\":[{\"@type\":\"SearchAction\",\"target\":{\"@type\":\"EntryPoint\",\"urlTemplate\":\"https:\/\/www.vild-shop.com\/?s={search_term_string}\"},\"query-input\":{\"@type\":\"PropertyValueSpecification\",\"valueRequired\":true,\"valueName\":\"search_term_string\"}}],\"inLanguage\":\"en-GB\"},{\"@type\":\"Organization\",\"@id\":\"https:\/\/www.vild-shop.com\/#organization\",\"name\":\"vild Hamburg\",\"url\":\"https:\/\/www.vild-shop.com\/\",\"logo\":{\"@type\":\"ImageObject\",\"inLanguage\":\"en-GB\",\"@id\":\"https:\/\/www.vild-shop.com\/#\/schema\/logo\/image\/\",\"url\":\"https:\/\/www.vild-shop.com\/wp-content\/uploads\/2025\/07\/vild-Hamburg-Logo-800.jpg\",\"contentUrl\":\"https:\/\/www.vild-shop.com\/wp-content\/uploads\/2025\/07\/vild-Hamburg-Logo-800.jpg\",\"width\":800,\"height\":800,\"caption\":\"vild Hamburg\"},\"image\":{\"@id\":\"https:\/\/www.vild-shop.com\/#\/schema\/logo\/image\/\"},\"sameAs\":[\"https:\/\/www.facebook.com\/vildhamburg\/\",\"https:\/\/de.pinterest.com\/vildessentials\/\",\"https:\/\/www.instagram.com\/vild_hamburg\/\"]}]}<\/script>\n<!-- \/ Yoast SEO plugin. -->","yoast_head_json":{"title":"Watches &amp; watch straps for business customers - vild Hamburg","robots":{"index":"index","follow":"follow","max-snippet":"max-snippet:-1","max-image-preview":"max-image-preview:large","max-video-preview":"max-video-preview:-1"},"canonical":"https:\/\/www.vild-shop.com\/en\/business-customers\/","og_locale":"en_GB","og_type":"article","og_title":"Uhren & Uhrarmb\u00e4nder f\u00fcr Gesch\u00e4ftskunden - vild Hamburg","og_description":"Uhren oder Uhrarmb\u00e4nder f\u00fcr Ihr Gesch\u00e4ft oder Unternehmen Wir erstellen Ihnen gerne ein individuelles Angebot und beraten Sie in der","og_url":"https:\/\/www.vild-shop.com\/en\/business-customers\/","og_site_name":"vild Hamburg","article_publisher":"https:\/\/www.facebook.com\/vildhamburg\/","article_modified_time":"2025-07-02T08:17:54+00:00","og_image":[{"width":1536,"height":768,"url":"https:\/\/www.vild-shop.com\/wp-content\/uploads\/2025\/05\/vild-hamburg-uhren-accessoires-planung.webp","type":"image\/webp"}],"twitter_card":"summary_large_image","twitter_misc":{"Estimated reading time":"2 minutes"},"schema":{"@context":"https:\/\/schema.org","@graph":[{"@type":"WebPage","@id":"https:\/\/www.vild-shop.com\/geschaeftskunden\/","url":"https:\/\/www.vild-shop.com\/geschaeftskunden\/","name":"Watches &amp; watch straps for business customers - vild Hamburg","isPartOf":{"@id":"https:\/\/www.vild-shop.com\/#website"},"primaryImageOfPage":{"@id":"https:\/\/www.vild-shop.com\/geschaeftskunden\/#primaryimage"},"image":{"@id":"https:\/\/www.vild-shop.com\/geschaeftskunden\/#primaryimage"},"thumbnailUrl":"https:\/\/www.vild-shop.com\/wp-content\/uploads\/2025\/05\/vild-hamburg-uhren-accessoires-planung.webp","datePublished":"2025-05-22T15:12:15+00:00","dateModified":"2025-07-02T08:17:54+00:00","breadcrumb":{"@id":"https:\/\/www.vild-shop.com\/geschaeftskunden\/#breadcrumb"},"inLanguage":"en-GB","potentialAction":[{"@type":"ReadAction","target":["https:\/\/www.vild-shop.com\/geschaeftskunden\/"]}]},{"@type":"ImageObject","inLanguage":"en-GB","@id":"https:\/\/www.vild-shop.com\/geschaeftskunden\/#primaryimage","url":"https:\/\/www.vild-shop.com\/wp-content\/uploads\/2025\/05\/vild-hamburg-uhren-accessoires-planung.webp","contentUrl":"https:\/\/www.vild-shop.com\/wp-content\/uploads\/2025\/05\/vild-hamburg-uhren-accessoires-planung.webp"},{"@type":"BreadcrumbList","@id":"https:\/\/www.vild-shop.com\/geschaeftskunden\/#breadcrumb","itemListElement":[{"@type":"ListItem","position":1,"name":"Home","item":"https:\/\/www.vild-shop.com\/"},{"@type":"ListItem","position":2,"name":"Uhren &#038; Uhrarmb\u00e4nder f\u00fcr Gesch\u00e4ftskunden"}]},{"@type":"WebSite","@id":"https:\/\/www.vild-shop.com\/#website","url":"https:\/\/www.vild-shop.com\/","name":"vild Hamburg","description":"Accessories for your watch &amp; smartwatch","publisher":{"@id":"https:\/\/www.vild-shop.com\/#organization"},"potentialAction":[{"@type":"SearchAction","target":{"@type":"EntryPoint","urlTemplate":"https:\/\/www.vild-shop.com\/?s={search_term_string}"},"query-input":{"@type":"PropertyValueSpecification","valueRequired":true,"valueName":"search_term_string"}}],"inLanguage":"en-GB"},{"@type":"Organization","@id":"https:\/\/www.vild-shop.com\/#organization","name":"vild Hamburg","url":"https:\/\/www.vild-shop.com\/","logo":{"@type":"ImageObject","inLanguage":"en-GB","@id":"https:\/\/www.vild-shop.com\/#\/schema\/logo\/image\/","url":"https:\/\/www.vild-shop.com\/wp-content\/uploads\/2025\/07\/vild-Hamburg-Logo-800.jpg","contentUrl":"https:\/\/www.vild-shop.com\/wp-content\/uploads\/2025\/07\/vild-Hamburg-Logo-800.jpg","width":800,"height":800,"caption":"vild Hamburg"},"image":{"@id":"https:\/\/www.vild-shop.com\/#\/schema\/logo\/image\/"},"sameAs":["https:\/\/www.facebook.com\/vildhamburg\/","https:\/\/de.pinterest.com\/vildessentials\/","https:\/\/www.instagram.com\/vild_hamburg\/"]}]}},"_links":{"self":[{"href":"https:\/\/www.vild-shop.com\/en\/wp-json\/wp\/v2\/pages\/34818","targetHints":{"allow":["GET"]}}],"collection":[{"href":"https:\/\/www.vild-shop.com\/en\/wp-json\/wp\/v2\/pages"}],"about":[{"href":"https:\/\/www.vild-shop.com\/en\/wp-json\/wp\/v2\/types\/page"}],"author":[{"embeddable":true,"href":"https:\/\/www.vild-shop.com\/en\/wp-json\/wp\/v2\/users\/1"}],"replies":[{"embeddable":true,"href":"https:\/\/www.vild-shop.com\/en\/wp-json\/wp\/v2\/comments?post=34818"}],"version-history":[{"count":0,"href":"https:\/\/www.vild-shop.com\/en\/wp-json\/wp\/v2\/pages\/34818\/revisions"}],"wp:attachment":[{"href":"https:\/\/www.vild-shop.com\/en\/wp-json\/wp\/v2\/media?parent=34818"}],"curies":[{"name":"wp","href":"https:\/\/api.w.org\/{rel}","templated":true}]}}