{"id":1992,"date":"2023-01-12T13:21:41","date_gmt":"2023-01-12T13:21:41","guid":{"rendered":"https:\/\/www.vild-shop.com\/product\/geschenk-gutscheinkarte\/"},"modified":"2026-04-17T07:35:26","modified_gmt":"2026-04-17T07:35:26","slug":"gift-voucher-card","status":"publish","type":"product","link":"https:\/\/www.vild-shop.com\/en\/product\/gift-voucher-card\/","title":{"rendered":"<b>GIFT<\/b> <br><small>Coupon<\/small>"},"content":{"rendered":"","protected":false},"excerpt":{"rendered":"<p><a href=\"https:\/\/www.vild-shop.com\/en\/shipping-methods\/\" target=\"_blank\" rel=\"noopener\">Shipping information<\/a><br \/>\nOur gift card is perfect if you&#039;re not sure which accessory you like best or what size fits.<\/p>\n<p>Get our voucher as<br \/>\nCard by email<br \/>\nor as<br \/>\nCard by post<\/p>\n<p>The recipient can easily redeem the voucher code in our shopping cart. There are no additional processing fees.<\/p>","protected":false},"featured_media":1993,"comment_status":"closed","ping_status":"closed","template":"","meta":[],"product_brand":[],"product_cat":[19,23,31,37],"product_tag":[],"class_list":{"0":"post-1992","1":"product","2":"type-product","3":"status-publish","4":"has-post-thumbnail","6":"product_cat-alle-uhrenarmbaender","7":"product_cat-zubehoer","8":"product_cat-apple-watch-armband","9":"product_cat-travel","10":"product_shipping_class-brief","12":"first","13":"instock","14":"shipping-taxable","15":"purchasable","16":"product-type-variable"},"exclude_global_add_ons":[],"addons":[],"yoast_head":"<!-- This site is optimized with the Yoast SEO plugin v26.7 - https:\/\/yoast.com\/wordpress\/plugins\/seo\/ -->\n<title>Geschenk Gutschein f\u00fcr Sie &amp; Ihn | vild Hamburg<\/title>\n<meta name=\"description\" content=\"Geschenk Gutscheinkarte f\u00fcr all unsere Artikel. W\u00e4hle deinen Betrag und lass dir auf Wunsch unsere Karte per Post zuschicken.\" \/>\n<meta name=\"robots\" content=\"index, follow, max-snippet:-1, max-image-preview:large, max-video-preview:-1\" \/>\n<link rel=\"canonical\" href=\"https:\/\/www.vild-shop.com\/en\/product\/gift-voucher-card\/\" \/>\n<meta property=\"og:locale\" content=\"en_GB\" \/>\n<meta property=\"og:type\" content=\"article\" \/>\n<meta property=\"og:title\" content=\"Geschenk Gutschein f\u00fcr Sie &amp; Ihn | vild Hamburg\" \/>\n<meta property=\"og:description\" content=\"Geschenk Gutscheinkarte f\u00fcr all unsere Artikel. W\u00e4hle deinen Betrag und lass dir auf Wunsch unsere Karte per Post zuschicken.\" \/>\n<meta property=\"og:url\" content=\"https:\/\/www.vild-shop.com\/en\/product\/gift-voucher-card\/\" \/>\n<meta property=\"og:site_name\" content=\"vild Hamburg\" \/>\n<meta property=\"article:publisher\" content=\"https:\/\/www.facebook.com\/vildhamburg\/\" \/>\n<meta property=\"article:modified_time\" content=\"2026-04-17T07:35:26+00:00\" \/>\n<meta property=\"og:image\" content=\"https:\/\/www.vild-shop.com\/wp-content\/uploads\/2023\/01\/vild_hamburg_geschenk_gutschein_uhren_accessoires_herren_damen-500x600.jpg\" \/>\n<meta name=\"twitter:card\" content=\"summary_large_image\" \/>\n<meta name=\"twitter:image\" content=\"https:\/\/www.vild-shop.com\/wp-content\/uploads\/2023\/01\/vild_hamburg_geschenk_gutschein_uhren_accessoires_herren_damen-853x1024.jpg\" \/>\n<meta name=\"twitter:label1\" content=\"Estimated reading time\" \/>\n\t<meta name=\"twitter:data1\" content=\"1 minute\" \/>\n<script type=\"application\/ld+json\" class=\"yoast-schema-graph\">{\"@context\":\"https:\/\/schema.org\",\"@graph\":[{\"@type\":[\"WebPage\",\"ItemPage\"],\"@id\":\"https:\/\/www.vild-shop.com\/produkt\/geschenk-gutscheinkarte\/\",\"url\":\"https:\/\/www.vild-shop.com\/produkt\/geschenk-gutscheinkarte\/\",\"name\":\"Geschenk Gutschein f\u00fcr Sie & Ihn | vild Hamburg\",\"isPartOf\":{\"@id\":\"https:\/\/www.vild-shop.com\/#website\"},\"primaryImageOfPage\":{\"@id\":\"https:\/\/www.vild-shop.com\/produkt\/geschenk-gutscheinkarte\/#primaryimage\"},\"image\":{\"@id\":\"https:\/\/www.vild-shop.com\/produkt\/geschenk-gutscheinkarte\/#primaryimage\"},\"thumbnailUrl\":\"https:\/\/www.vild-shop.com\/wp-content\/uploads\/2023\/01\/vild_hamburg_geschenk_gutschein_uhren_accessoires_herren_damen.jpg\",\"datePublished\":\"2023-01-12T13:21:41+00:00\",\"dateModified\":\"2026-04-17T07:35:26+00:00\",\"description\":\"Geschenk Gutscheinkarte f\u00fcr all unsere Artikel. W\u00e4hle deinen Betrag und lass dir auf Wunsch unsere Karte per Post zuschicken.\",\"breadcrumb\":{\"@id\":\"https:\/\/www.vild-shop.com\/produkt\/geschenk-gutscheinkarte\/#breadcrumb\"},\"inLanguage\":\"en-GB\",\"potentialAction\":[{\"@type\":\"ReadAction\",\"target\":[\"https:\/\/www.vild-shop.com\/produkt\/geschenk-gutscheinkarte\/\"]}]},{\"@type\":\"ImageObject\",\"inLanguage\":\"en-GB\",\"@id\":\"https:\/\/www.vild-shop.com\/produkt\/geschenk-gutscheinkarte\/#primaryimage\",\"url\":\"https:\/\/www.vild-shop.com\/wp-content\/uploads\/2023\/01\/vild_hamburg_geschenk_gutschein_uhren_accessoires_herren_damen.jpg\",\"contentUrl\":\"https:\/\/www.vild-shop.com\/wp-content\/uploads\/2023\/01\/vild_hamburg_geschenk_gutschein_uhren_accessoires_herren_damen.jpg\",\"width\":1200,\"height\":1440},{\"@type\":\"BreadcrumbList\",\"@id\":\"https:\/\/www.vild-shop.com\/produkt\/geschenk-gutscheinkarte\/#breadcrumb\",\"itemListElement\":[{\"@type\":\"ListItem\",\"position\":1,\"name\":\"Home\",\"item\":\"https:\/\/www.vild-shop.com\/\"},{\"@type\":\"ListItem\",\"position\":2,\"name\":\"Shop\",\"item\":\"https:\/\/www.vild-shop.com\/shop\/\"},{\"@type\":\"ListItem\",\"position\":3,\"name\":\"GESCHENK Gutschein\"}]},{\"@type\":\"WebSite\",\"@id\":\"https:\/\/www.vild-shop.com\/#website\",\"url\":\"https:\/\/www.vild-shop.com\/\",\"name\":\"vild Hamburg\",\"description\":\"Accessoires f\u00fcr deine Armbanduhr &amp; Smartwatch\",\"publisher\":{\"@id\":\"https:\/\/www.vild-shop.com\/#organization\"},\"potentialAction\":[{\"@type\":\"SearchAction\",\"target\":{\"@type\":\"EntryPoint\",\"urlTemplate\":\"https:\/\/www.vild-shop.com\/?s={search_term_string}\"},\"query-input\":{\"@type\":\"PropertyValueSpecification\",\"valueRequired\":true,\"valueName\":\"search_term_string\"}}],\"inLanguage\":\"en-GB\"},{\"@type\":\"Organization\",\"@id\":\"https:\/\/www.vild-shop.com\/#organization\",\"name\":\"vild Hamburg\",\"url\":\"https:\/\/www.vild-shop.com\/\",\"logo\":{\"@type\":\"ImageObject\",\"inLanguage\":\"en-GB\",\"@id\":\"https:\/\/www.vild-shop.com\/#\/schema\/logo\/image\/\",\"url\":\"https:\/\/www.vild-shop.com\/wp-content\/uploads\/2025\/07\/vild-Hamburg-Logo-800.jpg\",\"contentUrl\":\"https:\/\/www.vild-shop.com\/wp-content\/uploads\/2025\/07\/vild-Hamburg-Logo-800.jpg\",\"width\":800,\"height\":800,\"caption\":\"vild Hamburg\"},\"image\":{\"@id\":\"https:\/\/www.vild-shop.com\/#\/schema\/logo\/image\/\"},\"sameAs\":[\"https:\/\/www.facebook.com\/vildhamburg\/\",\"https:\/\/de.pinterest.com\/vildessentials\/\",\"https:\/\/www.instagram.com\/vild_hamburg\/\"]}]}<\/script>\n<!-- \/ Yoast SEO plugin. -->","yoast_head_json":{"title":"Gift voucher for him &amp; her | vild Hamburg","description":"Gift card for all our items. Choose your amount and have our card mailed to you upon request.","robots":{"index":"index","follow":"follow","max-snippet":"max-snippet:-1","max-image-preview":"max-image-preview:large","max-video-preview":"max-video-preview:-1"},"canonical":"https:\/\/www.vild-shop.com\/en\/product\/gift-voucher-card\/","og_locale":"en_GB","og_type":"article","og_title":"Geschenk Gutschein f\u00fcr Sie & Ihn | vild Hamburg","og_description":"Geschenk Gutscheinkarte f\u00fcr all unsere Artikel. W\u00e4hle deinen Betrag und lass dir auf Wunsch unsere Karte per Post zuschicken.","og_url":"https:\/\/www.vild-shop.com\/en\/product\/gift-voucher-card\/","og_site_name":"vild Hamburg","article_publisher":"https:\/\/www.facebook.com\/vildhamburg\/","article_modified_time":"2026-04-17T07:35:26+00:00","og_image":[{"url":"https:\/\/www.vild-shop.com\/wp-content\/uploads\/2023\/01\/vild_hamburg_geschenk_gutschein_uhren_accessoires_herren_damen-500x600.jpg","type":"","width":"","height":""}],"twitter_card":"summary_large_image","twitter_image":"https:\/\/www.vild-shop.com\/wp-content\/uploads\/2023\/01\/vild_hamburg_geschenk_gutschein_uhren_accessoires_herren_damen-853x1024.jpg","twitter_misc":{"Estimated reading time":"1 minute"},"schema":{"@context":"https:\/\/schema.org","@graph":[{"@type":["WebPage","ItemPage"],"@id":"https:\/\/www.vild-shop.com\/produkt\/geschenk-gutscheinkarte\/","url":"https:\/\/www.vild-shop.com\/produkt\/geschenk-gutscheinkarte\/","name":"Gift voucher for him &amp; her | vild Hamburg","isPartOf":{"@id":"https:\/\/www.vild-shop.com\/#website"},"primaryImageOfPage":{"@id":"https:\/\/www.vild-shop.com\/produkt\/geschenk-gutscheinkarte\/#primaryimage"},"image":{"@id":"https:\/\/www.vild-shop.com\/produkt\/geschenk-gutscheinkarte\/#primaryimage"},"thumbnailUrl":"https:\/\/www.vild-shop.com\/wp-content\/uploads\/2023\/01\/vild_hamburg_geschenk_gutschein_uhren_accessoires_herren_damen.jpg","datePublished":"2023-01-12T13:21:41+00:00","dateModified":"2026-04-17T07:35:26+00:00","description":"Gift card for all our items. Choose your amount and have our card mailed to you upon request.","breadcrumb":{"@id":"https:\/\/www.vild-shop.com\/produkt\/geschenk-gutscheinkarte\/#breadcrumb"},"inLanguage":"en-GB","potentialAction":[{"@type":"ReadAction","target":["https:\/\/www.vild-shop.com\/produkt\/geschenk-gutscheinkarte\/"]}]},{"@type":"ImageObject","inLanguage":"en-GB","@id":"https:\/\/www.vild-shop.com\/produkt\/geschenk-gutscheinkarte\/#primaryimage","url":"https:\/\/www.vild-shop.com\/wp-content\/uploads\/2023\/01\/vild_hamburg_geschenk_gutschein_uhren_accessoires_herren_damen.jpg","contentUrl":"https:\/\/www.vild-shop.com\/wp-content\/uploads\/2023\/01\/vild_hamburg_geschenk_gutschein_uhren_accessoires_herren_damen.jpg","width":1200,"height":1440},{"@type":"BreadcrumbList","@id":"https:\/\/www.vild-shop.com\/produkt\/geschenk-gutscheinkarte\/#breadcrumb","itemListElement":[{"@type":"ListItem","position":1,"name":"Home","item":"https:\/\/www.vild-shop.com\/"},{"@type":"ListItem","position":2,"name":"Shop","item":"https:\/\/www.vild-shop.com\/shop\/"},{"@type":"ListItem","position":3,"name":"GESCHENK Gutschein"}]},{"@type":"WebSite","@id":"https:\/\/www.vild-shop.com\/#website","url":"https:\/\/www.vild-shop.com\/","name":"vild Hamburg","description":"Accessories for your watch &amp; smartwatch","publisher":{"@id":"https:\/\/www.vild-shop.com\/#organization"},"potentialAction":[{"@type":"SearchAction","target":{"@type":"EntryPoint","urlTemplate":"https:\/\/www.vild-shop.com\/?s={search_term_string}"},"query-input":{"@type":"PropertyValueSpecification","valueRequired":true,"valueName":"search_term_string"}}],"inLanguage":"en-GB"},{"@type":"Organization","@id":"https:\/\/www.vild-shop.com\/#organization","name":"vild Hamburg","url":"https:\/\/www.vild-shop.com\/","logo":{"@type":"ImageObject","inLanguage":"en-GB","@id":"https:\/\/www.vild-shop.com\/#\/schema\/logo\/image\/","url":"https:\/\/www.vild-shop.com\/wp-content\/uploads\/2025\/07\/vild-Hamburg-Logo-800.jpg","contentUrl":"https:\/\/www.vild-shop.com\/wp-content\/uploads\/2025\/07\/vild-Hamburg-Logo-800.jpg","width":800,"height":800,"caption":"vild Hamburg"},"image":{"@id":"https:\/\/www.vild-shop.com\/#\/schema\/logo\/image\/"},"sameAs":["https:\/\/www.facebook.com\/vildhamburg\/","https:\/\/de.pinterest.com\/vildessentials\/","https:\/\/www.instagram.com\/vild_hamburg\/"]}]}},"_links":{"self":[{"href":"https:\/\/www.vild-shop.com\/en\/wp-json\/wp\/v2\/product\/1992","targetHints":{"allow":["GET"]}}],"collection":[{"href":"https:\/\/www.vild-shop.com\/en\/wp-json\/wp\/v2\/product"}],"about":[{"href":"https:\/\/www.vild-shop.com\/en\/wp-json\/wp\/v2\/types\/product"}],"replies":[{"embeddable":true,"href":"https:\/\/www.vild-shop.com\/en\/wp-json\/wp\/v2\/comments?post=1992"}],"version-history":[{"count":0,"href":"https:\/\/www.vild-shop.com\/en\/wp-json\/wp\/v2\/product\/1992\/revisions"}],"wp:featuredmedia":[{"embeddable":true,"href":"https:\/\/www.vild-shop.com\/en\/wp-json\/wp\/v2\/media\/1993"}],"wp:attachment":[{"href":"https:\/\/www.vild-shop.com\/en\/wp-json\/wp\/v2\/media?parent=1992"}],"wp:term":[{"taxonomy":"product_brand","embeddable":true,"href":"https:\/\/www.vild-shop.com\/en\/wp-json\/wp\/v2\/product_brand?post=1992"},{"taxonomy":"product_cat","embeddable":true,"href":"https:\/\/www.vild-shop.com\/en\/wp-json\/wp\/v2\/product_cat?post=1992"},{"taxonomy":"product_tag","embeddable":true,"href":"https:\/\/www.vild-shop.com\/en\/wp-json\/wp\/v2\/product_tag?post=1992"}],"curies":[{"name":"wp","href":"https:\/\/api.w.org\/{rel}","templated":true}]}}